{"id":900,"date":"2023-05-12T15:35:51","date_gmt":"2023-05-12T13:35:51","guid":{"rendered":"https:\/\/www.vifplastics.com\/que-ofrecemos\/"},"modified":"2025-02-19T18:52:08","modified_gmt":"2025-02-19T17:52:08","slug":"que-ofrecemos","status":"publish","type":"page","link":"https:\/\/www.vifplastics.com\/es\/que-ofrecemos\/","title":{"rendered":"Qu\u00e9 ofrecemos"},"content":{"rendered":"<p>[et_pb_section fb_built=\u00bb1&#8243; fullwidth=\u00bbon\u00bb _builder_version=\u00bb4.20.2&#8243; _module_preset=\u00bbdefault\u00bb background_enable_color=\u00bboff\u00bb background_image=\u00bbhttps:\/\/www.vifplastics.com\/wp-content\/uploads\/2023\/03\/Journalier-5.jpg\u00bb background_enable_video_mp4=\u00bboff\u00bb height=\u00bb500px\u00bb global_colors_info=\u00bb{}\u00bb][et_pb_fullwidth_header _builder_version=\u00bb4.20.2&#8243; _module_preset=\u00bbdefault\u00bb background_color=\u00bbRGBA(255,255,255,0)\u00bb use_background_color_gradient=\u00bbon\u00bb background_color_gradient_direction=\u00bb90deg\u00bb background_color_gradient_stops=\u00bb#000000 0%|rgba(0,0,0,0.3) 53%|#000000 99%\u00bb min_height=\u00bb100%\u00bb global_colors_info=\u00bb{}\u00bb][\/et_pb_fullwidth_header][\/et_pb_section][et_pb_section fb_built=\u00bb1&#8243; admin_label=\u00bbGet in Touch\u00bb _builder_version=\u00bb4.21.0&#8243; background_color=\u00bb#26A8E0&#8243; custom_padding=\u00bb53px|0px|54px|0px|false|false\u00bb global_colors_info=\u00bb{}\u00bb][et_pb_row column_structure=\u00bb2_3,1_3&#8243; _builder_version=\u00bb4.20.2&#8243; custom_margin=\u00bb|||\u00bb custom_padding=\u00bb|||\u00bb animation_style=\u00bbslide\u00bb global_colors_info=\u00bb{}\u00bb][et_pb_column type=\u00bb2_3&#8243; _builder_version=\u00bb4.16&#8243; custom_padding=\u00bb|||\u00bb global_colors_info=\u00bb{}\u00bb custom_padding__hover=\u00bb|||\u00bb][et_pb_text _builder_version=\u00bb4.21.0&#8243; text_font=\u00bb|300|||||||\u00bb text_text_color=\u00bb#FFFFFF\u00bb text_line_height=\u00bb1.8em\u00bb header_font=\u00bbLibre Franklin|600|||||||\u00bb header_font_size=\u00bb60px\u00bb header_line_height=\u00bb1.4em\u00bb header_2_text_color=\u00bb#FFFFFF\u00bb header_font_size_tablet=\u00bb\u00bb header_font_size_phone=\u00bb32px\u00bb header_font_size_last_edited=\u00bbon|phone\u00bb global_colors_info=\u00bb{}\u00bb]<\/p>\n<h2 style=\"text-align: justify;\">LE GROUPE VIF INC.<\/h2>\n<p style=\"text-align: justify;\">Especialistas en la fabricaci\u00f3n de moldes y el moldeo de piezas de pl\u00e1stico, VIF Group Inc. ofrece soluciones llave en mano para tus proyectos empresariales, desde el dise\u00f1o hasta el complejo montaje de tus productos. Nuestros avanzados procesos de moldeo por inyecci\u00f3n y la experiencia de nuestros empleados nos convierten en el principal fabricante de piezas de pl\u00e1stico a medida en todo Quebec, Ontario y el noreste de Estados Unidos.  <\/p>\n<p style=\"text-align: justify;\">En VIF estamos especializados en la ingenier\u00eda y el dise\u00f1o de productos de pl\u00e1stico y moldes de inyecci\u00f3n para todos los sectores de actividad. Tanto si tu proyecto comienza simplemente como un concepto como si tus modelos f\u00edsicos o virtuales en 3D son definitivos, trabajaremos contigo para dise\u00f1ar el producto de pl\u00e1stico que satisfaga tus necesidades, en el plazo requerido. <\/p>\n<p>[\/et_pb_text][\/et_pb_column][et_pb_column type=\u00bb1_3&#8243; _builder_version=\u00bb4.16&#8243; custom_padding=\u00bb|||\u00bb global_colors_info=\u00bb{}\u00bb custom_padding__hover=\u00bb|||\u00bb][et_pb_button button_text=\u00bbPide un presupuesto\u00bb button_alignment=\u00bbcenter\u00bb _builder_version=\u00bb4.21.0&#8243; custom_button=\u00bbon\u00bb button_text_size=\u00bb14px\u00bb button_text_color=\u00bb#FFFFFF\u00bb button_bg_color=\u00bb#26A8E0&#8243; button_border_color=\u00bb#FFFFFF\u00bb button_border_radius=\u00bb0px\u00bb button_letter_spacing=\u00bb3px\u00bb button_font=\u00bbLibre Franklin|700||on|||||\u00bb button_icon=\u00bb&#x39;||divi||400&#8243; button_icon_color=\u00bb#FFFFFF\u00bb button_on_hover=\u00bboff\u00bb background_layout=\u00bbdark\u00bb custom_margin=\u00bb45px||35px||false|false\u00bb custom_padding=\u00bb35px|35px|35px|20px|false|false\u00bb animation_style=\u00bbfold\u00bb animation_direction=\u00bbright\u00bb locked=\u00bboff\u00bb global_colors_info=\u00bb{}\u00bb button_text_size__hover_enabled=\u00bboff\u00bb button_one_text_size__hover_enabled=\u00bboff\u00bb button_two_text_size__hover_enabled=\u00bboff\u00bb button_text_color__hover_enabled=\u00bboff\u00bb button_one_text_color__hover_enabled=\u00bboff\u00bb button_two_text_color__hover_enabled=\u00bboff\u00bb button_border_width__hover_enabled=\u00bboff\u00bb button_one_border_width__hover_enabled=\u00bboff\u00bb button_two_border_width__hover_enabled=\u00bboff\u00bb button_border_color__hover_enabled=\u00bboff\u00bb button_one_border_color__hover_enabled=\u00bboff\u00bb button_two_border_color__hover_enabled=\u00bboff\u00bb button_border_radius__hover_enabled=\u00bboff\u00bb button_one_border_radius__hover_enabled=\u00bboff\u00bb button_two_border_radius__hover_enabled=\u00bboff\u00bb button_letter_spacing__hover_enabled=\u00bboff\u00bb button_one_letter_spacing__hover_enabled=\u00bboff\u00bb button_two_letter_spacing__hover_enabled=\u00bboff\u00bb button_bg_color__hover_enabled=\u00bboff\u00bb button_one_bg_color__hover_enabled=\u00bboff\u00bb button_two_bg_color__hover_enabled=\u00bboff\u00bb][\/et_pb_button][\/et_pb_column][\/et_pb_row][\/et_pb_section][et_pb_section fb_built=\u00bb1&#8243; admin_label=\u00bbFAQ\u00bb _builder_version=\u00bb4.20.2&#8243; background_enable_color=\u00bboff\u00bb background_enable_image=\u00bboff\u00bb background_position=\u00bbtop_center\u00bb custom_padding=\u00bb54px|0px|54px|0px|false|false\u00bb global_colors_info=\u00bb{}\u00bb][et_pb_row _builder_version=\u00bb4.21.0&#8243; background_color=\u00bbRGBA(255,255,255,0)\u00bb custom_margin=\u00bb||||false|false\u00bb animation_style=\u00bbslide\u00bb global_colors_info=\u00bb{}\u00bb][et_pb_column type=\u00bb4_4&#8243; _builder_version=\u00bb4.16&#8243; custom_padding=\u00bb|||\u00bb global_colors_info=\u00bb{}\u00bb custom_padding__hover=\u00bb|||\u00bb][et_pb_text _builder_version=\u00bb4.21.0&#8243; text_font=\u00bb||||||||\u00bb text_text_color=\u00bb#5C5B5F\u00bb header_font=\u00bb||||||||\u00bb header_text_color=\u00bb#5C5B5F\u00bb header_2_text_color=\u00bb#5C5B5F\u00bb header_6_font=\u00bbLibre Franklin|600|||||||\u00bb header_6_text_color=\u00bb#5C5B5F\u00bb header_6_font_size=\u00bb18px\u00bb header_6_line_height=\u00bb1.8em\u00bb custom_margin=\u00bb|||\u00bb border_color_all=\u00bbRGBA(255,255,255,0)\u00bb border_width_bottom=\u00bb2px\u00bb locked=\u00bboff\u00bb global_colors_info=\u00bb{}\u00bb]<\/p>\n<h2 class=\"title-heading-left fusion-responsive-typography-calculated\">INGENIER\u00cdA Y DISE\u00d1O DE PRODUCTOS PL\u00c1STICOS<\/h2>\n<p>[\/et_pb_text][et_pb_text _builder_version=\u00bb4.21.0&#8243; text_font=\u00bbLibre Franklin|300|||||||\u00bb text_line_height=\u00bb1.8em\u00bb header_font=\u00bb||||||||\u00bb header_2_font=\u00bbLibre Franklin|300|||||||\u00bb header_2_text_color=\u00bb#000000&#8243; header_2_font_size=\u00bb42px\u00bb header_2_line_height=\u00bb1.4em\u00bb locked=\u00bboff\u00bb global_colors_info=\u00bb{}\u00bb]<\/p>\n<p style=\"text-align: justify;\"><span style=\"color: #000000;\">Como cada proyecto es \u00fanico, ofrecemos un enfoque llave en mano que incluye servicios como dise\u00f1o industrial, c\u00e1lculos de elementos finitos, dibujos t\u00e9cnicos en 2D y 3D, prototipado r\u00e1pido y cualquier otro requisito t\u00e9cnico espec\u00edfico de tu proyecto. Dise\u00f1amos y fabricamos tu molde de inyecci\u00f3n de pl\u00e1stico, y tambi\u00e9n te ofrecemos <a href=\"https:\/\/www.vifplastics.com\/projets-cle-en-main\/assemblage\" style=\"color: #000000;\">plantillas de montaje<\/a>, inspecci\u00f3n a prueba de errores (Poka-Yoke) y toda la automatizaci\u00f3n adaptada exclusivamente a tu pieza. <\/span><\/p>\n<p>[\/et_pb_text][\/et_pb_column][\/et_pb_row][et_pb_row column_structure=\u00bb1_2,1_2&#8243; _builder_version=\u00bb4.21.0&#8243; _module_preset=\u00bbdefault\u00bb animation_style=\u00bbslide\u00bb hover_enabled=\u00bb0&#8243; global_colors_info=\u00bb{}\u00bb custom_margin=\u00bb||0px||false|false\u00bb sticky_enabled=\u00bb0&#8243;][et_pb_column type=\u00bb1_2&#8243; _builder_version=\u00bb4.20.2&#8243; _module_preset=\u00bbdefault\u00bb global_colors_info=\u00bb{}\u00bb][et_pb_text _builder_version=\u00bb4.21.0&#8243; _module_preset=\u00bbdefault\u00bb text_font=\u00bb||||||||\u00bb text_text_color=\u00bb#5C5B5F\u00bb header_font=\u00bb||||||||\u00bb header_text_color=\u00bb#5C5B5F\u00bb header_2_text_color=\u00bb#5C5B5F\u00bb header_3_text_color=\u00bb#5C5B5F\u00bb header_6_font=\u00bbLibre Franklin|600|||||||\u00bb header_6_text_color=\u00bb#5C5B5F\u00bb header_6_font_size=\u00bb18px\u00bb header_6_line_height=\u00bb1.8em\u00bb custom_margin=\u00bb|||\u00bb border_color_all=\u00bbRGBA(255,255,255,0)\u00bb border_width_bottom=\u00bb2px\u00bb global_colors_info=\u00bb{}\u00bb]<\/p>\n<h3>UN EQUIPO MULTIDISCIPLINAR<\/h3>\n<p style=\"text-align: justify;\">Nuestros expertos trabajar\u00e1n contigo en tu proyecto hasta la producci\u00f3n. Nuestro equipo est\u00e1 formado por dise\u00f1adores industriales, t\u00e9cnicos en rob\u00f3tica, dise\u00f1adores, jefes de proyecto, ingenieros, t\u00e9cnicos en procesos de calidad y fabricantes de herramientas que trabajar\u00e1n juntos en tu proyecto. Te guiar\u00e1n en la elecci\u00f3n del material y el dise\u00f1o de tu pieza para obtener la mejor relaci\u00f3n calidad-precio para tu producto.  <\/p>\n<p>[\/et_pb_text][et_pb_text _builder_version=\u00bb4.21.0&#8243; _module_preset=\u00bbdefault\u00bb text_font=\u00bb||||||||\u00bb text_text_color=\u00bb#5C5B5F\u00bb header_font=\u00bb||||||||\u00bb header_text_color=\u00bb#5C5B5F\u00bb header_2_text_color=\u00bb#5C5B5F\u00bb header_3_text_color=\u00bb#5C5B5F\u00bb header_6_font=\u00bbLibre Franklin|600|||||||\u00bb header_6_text_color=\u00bb#5C5B5F\u00bb header_6_font_size=\u00bb18px\u00bb header_6_line_height=\u00bb1.8em\u00bb custom_margin=\u00bb|||\u00bb border_color_all=\u00bbRGBA(255,255,255,0)\u00bb border_width_bottom=\u00bb2px\u00bb global_colors_info=\u00bb{}\u00bb]<\/p>\n<h3>EL PODER DE LA EXPERIENCIA<\/h3>\n<p style=\"text-align: justify;\">Nuestra experiencia en procesos de fabricaci\u00f3n relacionados con el moldeo de pl\u00e1sticos nos permite ofrecerte varias opciones para reducir costes. En algunos casos, por ejemplo, podemos sugerir agrupar varias piezas en un producto para reducir los costes de producci\u00f3n y montaje. En otros casos, podemos sugerir cambios en el dise\u00f1o o el proceso de fabricaci\u00f3n para reducir los costes de utillaje o producci\u00f3n.  <\/p>\n<p>Nuestra amplia experiencia en APQP (Planificaci\u00f3n Avanzada de la Calidad), combinada con nuestro PDP, nos permite crear un dise\u00f1o impecable, ya que todas las especificaciones de tu producto se validan antes de pasar a la producci\u00f3n.<\/p>\n<p>[\/et_pb_text][\/et_pb_column][et_pb_column type=\u00bb1_2&#8243; _builder_version=\u00bb4.20.2&#8243; _module_preset=\u00bbdefault\u00bb global_colors_info=\u00bb{}\u00bb][et_pb_text _builder_version=\u00bb4.21.0&#8243; _module_preset=\u00bbdefault\u00bb text_font=\u00bb||||||||\u00bb text_text_color=\u00bb#5C5B5F\u00bb header_font=\u00bb||||||||\u00bb header_text_color=\u00bb#5C5B5F\u00bb header_2_text_color=\u00bb#5C5B5F\u00bb header_3_text_color=\u00bb#5C5B5F\u00bb header_6_font=\u00bbLibre Franklin|600|||||||\u00bb header_6_text_color=\u00bb#5C5B5F\u00bb header_6_font_size=\u00bb18px\u00bb header_6_line_height=\u00bb1.8em\u00bb custom_margin=\u00bb|||\u00bb border_color_all=\u00bbRGBA(255,255,255,0)\u00bb border_width_bottom=\u00bb2px\u00bb global_colors_info=\u00bb{}\u00bb]<\/p>\n<h3>UN PROCESO RIGUROSO<\/h3>\n<p style=\"text-align: justify;\">Nuestro Proceso de Desarrollo de Productos (PDP) integrado garantiza la validaci\u00f3n de todas tus necesidades en cada fase: dise\u00f1o del producto, desarrollo de utillaje, validaci\u00f3n del proceso y puesta en marcha de la producci\u00f3n. El PDP supervisa el trabajo de todos los gremios en cada fase. Con un plan claramente definido para cada fase, puedes controlar f\u00e1cilmente el progreso de tu proyecto.  <\/p>\n<p style=\"text-align: justify;\">Tanto si necesitas an\u00e1lisis virtuales de tensi\u00f3n o flujo, como pruebas f\u00edsicas de rendimiento, resistencia u otras, se puede verificar rigurosamente cada elemento de tu producto.<\/p>\n<p>[\/et_pb_text][et_pb_image src=\u00bbhttps:\/\/www.vifplastics.com\/wp-content\/uploads\/2023\/03\/Journalier-4.jpg\u00bb title_text=\u00bbDiario 4&#8243; align=\u00bbright\u00bb _builder_version=\u00bb4.20.2&#8243; _module_preset=\u00bbdefault\u00bb width=\u00bb100%\u00bb custom_margin=\u00bb0px|||0px|false|false\u00bb custom_padding=\u00bb0px|||0px|false|false\u00bb global_colors_info=\u00bb{}\u00bb][\/et_pb_image][\/et_pb_column][\/et_pb_row][\/et_pb_section][et_pb_section fb_built=\u00bb1&#8243; _builder_version=\u00bb4.20.2&#8243; _module_preset=\u00bbdefault\u00bb background_color=\u00bb#26A8E0&#8243; custom_padding=\u00bb53px|0px|54px|0px|false|false\u00bb global_colors_info=\u00bb{}\u00bb][et_pb_row _builder_version=\u00bb4.21.0&#8243; custom_margin=\u00bb|||\u00bb custom_padding=\u00bb|||\u00bb animation_style=\u00bbslide\u00bb global_colors_info=\u00bb{}\u00bb][et_pb_column type=\u00bb4_4&#8243; _builder_version=\u00bb4.16&#8243; custom_padding=\u00bb|||\u00bb global_colors_info=\u00bb{}\u00bb custom_padding__hover=\u00bb|||\u00bb][et_pb_text _builder_version=\u00bb4.21.0&#8243; text_font=\u00bb|300|||||||\u00bb text_text_color=\u00bb#FFFFFF\u00bb text_line_height=\u00bb1.8em\u00bb header_font=\u00bbLibre Franklin|600|||||||\u00bb header_font_size=\u00bb60px\u00bb header_line_height=\u00bb1.4em\u00bb header_2_text_color=\u00bb#FFFFFF\u00bb header_font_size_tablet=\u00bb60px\u00bb header_font_size_phone=\u00bb32px\u00bb header_font_size_last_edited=\u00bbon|phone\u00bb border_color_all=\u00bb#FBBA00&#8243; border_width_bottom=\u00bb2px\u00bb border_color_bottom=\u00bbRGBA(255,255,255,0)\u00bb locked=\u00bboff\u00bb global_colors_info=\u00bb{}\u00bb]<\/p>\n<h2>Dise\u00f1o y fabricaci\u00f3n de moldes<\/h2>\n<p>[\/et_pb_text][et_pb_text _builder_version=\u00bb4.20.2&#8243; text_font=\u00bb|300|||||||\u00bb text_text_color=\u00bb#FFFFFF\u00bb text_line_height=\u00bb1.8em\u00bb header_font=\u00bbLibre Franklin|600|||||||\u00bb header_font_size=\u00bb60px\u00bb header_line_height=\u00bb1.4em\u00bb header_2_text_color=\u00bb#FFFFFF\u00bb header_font_size_tablet=\u00bb60px\u00bb header_font_size_phone=\u00bb32px\u00bb header_font_size_last_edited=\u00bbon|phone\u00bb locked=\u00bboff\u00bb global_colors_info=\u00bb{}\u00bb]<\/p>\n<p style=\"text-align: justify;\">Dise\u00f1amos y fabricamos moldes de inyecci\u00f3n de pl\u00e1stico de calidad para una treintena de pa\u00edses de todo el mundo. Con una experiencia que se remonta a 1973, podemos anticiparnos a los problemas antes de que se produzcan. En VIF, nuestra experiencia en la fabricaci\u00f3n de moldes de inyecci\u00f3n de pl\u00e1stico nos permite dise\u00f1ar un producto f\u00e1cil de fabricar, con un proceso robusto y a un coste menor.  <\/p>\n<p>[\/et_pb_text][et_pb_text _builder_version=\u00bb4.20.2&#8243; text_font=\u00bbLibre Franklin|300|||||||\u00bb text_text_color=\u00bb#FFFFFF\u00bb text_line_height=\u00bb1.8em\u00bb header_font=\u00bb||||||||\u00bb header_2_font=\u00bbLibre Franklin|300|||||||\u00bb header_2_text_color=\u00bb#000000&#8243; header_2_font_size=\u00bb42px\u00bb header_2_line_height=\u00bb1.4em\u00bb locked=\u00bboff\u00bb global_colors_info=\u00bb{}\u00bb]<\/p>\n<p style=\"text-align: justify;\">Cada a\u00f1o fabricamos un centenar de moldes de todos los tama\u00f1os y complejidades. Como fabricante de moldes por excelencia, tenemos toda la experiencia en nuestras instalaciones. Desde el momento en que se concibe tu molde, nuestro equipo de expertos eval\u00faa su dise\u00f1o, lo optimiza y lo valida antes de que entre en producci\u00f3n. Gracias a estos elevados est\u00e1ndares y a la planificaci\u00f3n de la calidad, un molde dise\u00f1ado por VIF puede producir m\u00e1s de un mill\u00f3n de ciclos, con muy poco mantenimiento.   <\/p>\n<p>[\/et_pb_text][\/et_pb_column][\/et_pb_row][et_pb_row column_structure=\u00bb1_2,1_2&#8243; _builder_version=\u00bb4.21.0&#8243; animation_style=\u00bbslide\u00bb hover_enabled=\u00bb0&#8243; global_colors_info=\u00bb{}\u00bb custom_margin=\u00bb||0px||false|false\u00bb sticky_enabled=\u00bb0&#8243;][et_pb_column type=\u00bb1_2&#8243; _builder_version=\u00bb4.16&#8243; custom_padding=\u00bb|||\u00bb global_colors_info=\u00bb{}\u00bb custom_padding__hover=\u00bb|||\u00bb][et_pb_text _builder_version=\u00bb4.21.0&#8243; _module_preset=\u00bbdefault\u00bb text_font=\u00bb|300|||||||\u00bb text_text_color=\u00bb#FFFFFF\u00bb text_line_height=\u00bb1.8em\u00bb header_3_text_color=\u00bb#FFFFFF\u00bb header_3_line_height=\u00bb1.5em\u00bb global_colors_info=\u00bb{}\u00bb]<\/p>\n<h3>PROTOP\u00c1GINAS<\/h3>\n<p style=\"text-align: justify;\">Si quieres validar y probar el dise\u00f1o de tu pieza antes de fabricar el molde, podemos dise\u00f1ar moldes prototipo en aluminio o acero, que podemos reutilizar para la microproducci\u00f3n o la producci\u00f3n a peque\u00f1a escala. En funci\u00f3n de tus plazos y presupuesto, podemos gestionar la producci\u00f3n r\u00e1pida de prototipos utilizando fuentes locales o extranjeras. Para cualquier otro requisito, siempre estamos dispuestos a escuchar tus necesidades y proponerte soluciones innovadoras.  <\/p>\n<p>[\/et_pb_text][\/et_pb_column][et_pb_column type=\u00bb1_2&#8243; _builder_version=\u00bb4.16&#8243; custom_padding=\u00bb|||\u00bb global_colors_info=\u00bb{}\u00bb custom_padding__hover=\u00bb|||\u00bb][et_pb_text _builder_version=\u00bb4.21.0&#8243; _module_preset=\u00bbdefault\u00bb text_font=\u00bb|300|||||||\u00bb text_text_color=\u00bb#FFFFFF\u00bb text_line_height=\u00bb1.8em\u00bb header_3_text_color=\u00bb#FFFFFF\u00bb header_3_line_height=\u00bb1.5em\u00bb global_colors_info=\u00bb{}\u00bb]<\/p>\n<h3>TALLER MEC\u00c1NICO COMPLETO<\/h3>\n<p style=\"text-align: justify;\">Disponemos de un taller mec\u00e1nico completo. Nuestro equipamiento nos permite fabricar moldes en nuestras instalaciones, de la A a la Z. Como cualquier modificaci\u00f3n o reparaci\u00f3n se realiza en VIF, la producci\u00f3n puede reanudarse r\u00e1pidamente, por lo que no sufrir\u00e1s retrasos ni costes de transporte en esta fase. Adem\u00e1s, todo el utillaje se adapta a tus especificaciones. Nuestra vanguardista f\u00e1brica garantiza un producto de calidad que supera las normas del sector.   <\/p>\n<p>[\/et_pb_text][\/et_pb_column][\/et_pb_row][\/et_pb_section][et_pb_section fb_built=\u00bb1&#8243; admin_label=\u00bbFAQ\u00bb _builder_version=\u00bb4.20.2&#8243; background_enable_color=\u00bboff\u00bb background_enable_image=\u00bboff\u00bb background_position=\u00bbtop_center\u00bb custom_padding=\u00bb54px|0px|54px|0px|false|false\u00bb global_colors_info=\u00bb{}\u00bb][et_pb_row _builder_version=\u00bb4.21.0&#8243; custom_margin=\u00bb||||false|false\u00bb animation_style=\u00bbslide\u00bb global_colors_info=\u00bb{}\u00bb][et_pb_column type=\u00bb4_4&#8243; _builder_version=\u00bb4.16&#8243; custom_padding=\u00bb|||\u00bb global_colors_info=\u00bb{}\u00bb custom_padding__hover=\u00bb|||\u00bb][et_pb_text _builder_version=\u00bb4.21.0&#8243; text_font=\u00bb||||||||\u00bb text_text_color=\u00bb#5C5B5F\u00bb header_font=\u00bb||||||||\u00bb header_text_color=\u00bb#5C5B5F\u00bb header_2_text_color=\u00bb#5C5B5F\u00bb header_3_text_color=\u00bb#5C5B5F\u00bb header_6_font=\u00bbLibre Franklin|600|||||||\u00bb header_6_text_color=\u00bb#5C5B5F\u00bb header_6_font_size=\u00bb18px\u00bb header_6_line_height=\u00bb1.8em\u00bb custom_margin=\u00bb|||\u00bb border_color_all=\u00bbRGBA(255,255,255,0)\u00bb border_width_bottom=\u00bb2px\u00bb border_color_bottom=\u00bbRGBA(255,255,255,0)\u00bb locked=\u00bboff\u00bb global_colors_info=\u00bb{}\u00bb]<\/p>\n<h2>Procesos de transformaci\u00f3n<\/h2>\n<p>[\/et_pb_text][et_pb_text _builder_version=\u00bb4.21.0&#8243; text_font=\u00bb||||||||\u00bb text_text_color=\u00bb#5C5B5F\u00bb header_font=\u00bb||||||||\u00bb header_text_color=\u00bb#5C5B5F\u00bb header_2_text_color=\u00bb#5C5B5F\u00bb header_3_text_color=\u00bb#5C5B5F\u00bb header_6_font=\u00bbLibre Franklin|600|||||||\u00bb header_6_text_color=\u00bb#5C5B5F\u00bb header_6_font_size=\u00bb18px\u00bb header_6_line_height=\u00bb1.8em\u00bb custom_margin=\u00bb|||\u00bb border_color_all=\u00bbRGBA(255,255,255,0)\u00bb border_width_bottom=\u00bb2px\u00bb locked=\u00bboff\u00bb global_colors_info=\u00bb{}\u00bb]<\/p>\n<p style=\"text-align: justify;\">Existen varios procesos de transformaci\u00f3n del pl\u00e1stico. En VIF estamos especializados en el proceso de inyecci\u00f3n desde 1973.<br \/>Las funciones del sistema de plastificaci\u00f3n e inyecci\u00f3n son fundir el pl\u00e1stico e inyectarlo en el molde. A diferencia del moldeo de piezas met\u00e1licas, el tiempo de ciclo para producir una pieza moldeada por inyecci\u00f3n rara vez supera un minuto, y el molde est\u00e1 constantemente termorregulado por un circuito de refrigeraci\u00f3n.<br \/>El material pl\u00e1stico, en forma granular, se vierte en una tolva para alimentar un tornillo sinf\u00edn alojado en un tubo calentado. A continuaci\u00f3n se comprime, se mezcla y se calienta. Este tratamiento mec\u00e1nico y t\u00e9rmico produce una pasta fundente, homog\u00e9nea y sin burbujas, que es empujada por el tornillo giratorio hacia un orificio. La cavidad del molde se llena en menos de un segundo para las piezas peque\u00f1as (teclas de teclado, etc.) y en unos segundos para las piezas m\u00e1s grandes (cajas de almacenamiento, etc.). A continuaci\u00f3n viene la fase de mantenimiento, durante la cual la prensa presuriza el molde inyectando m\u00e1s material para compensar la contracci\u00f3n del pl\u00e1stico. Por \u00faltimo, las piezas se extraen mediante un sistema de expulsi\u00f3n.<br \/>Se trata de un m\u00e9todo de producci\u00f3n muy r\u00e1pido para fabricar objetos en cantidades muy grandes. Esta t\u00e9cnica de fabricaci\u00f3n se utiliza con frecuencia para producir objetos moldeados de alta calidad, a veces con formas complicadas, en las industrias del autom\u00f3vil, el juguete o la electr\u00f3nica. Se pueden fabricar objetos muy grandes.         <\/p>\n<p style=\"text-align: justify;\"><strong>El pl\u00e1stico tambi\u00e9n puede transformarse de otras formas. Aqu\u00ed tienes otros procesos utilizados en VIF: <\/strong><\/p>\n<p>[\/et_pb_text][\/et_pb_column][\/et_pb_row][et_pb_row column_structure=\u00bb1_2,1_2&#8243; _builder_version=\u00bb4.21.0&#8243; custom_margin=\u00bb0px||0px||false|false\u00bb custom_padding=\u00bb0px||||false|false\u00bb animation_style=\u00bbslide\u00bb hover_enabled=\u00bb0&#8243; global_colors_info=\u00bb{}\u00bb sticky_enabled=\u00bb0&#8243;][et_pb_column type=\u00bb1_2&#8243; _builder_version=\u00bb4.16&#8243; custom_padding=\u00bb|||\u00bb global_colors_info=\u00bb{}\u00bb custom_padding__hover=\u00bb|||\u00bb][et_pb_text _builder_version=\u00bb4.21.0&#8243; _module_preset=\u00bbdefault\u00bb text_font=\u00bb||||||||\u00bb text_text_color=\u00bb#5C5B5F\u00bb header_font=\u00bb||||||||\u00bb header_text_color=\u00bb#5C5B5F\u00bb header_2_text_color=\u00bb#5C5B5F\u00bb header_3_text_color=\u00bb#5C5B5F\u00bb header_6_font=\u00bbLibre Franklin|600|||||||\u00bb header_6_text_color=\u00bb#5C5B5F\u00bb header_6_font_size=\u00bb18px\u00bb header_6_line_height=\u00bb1.8em\u00bb custom_margin=\u00bb|||\u00bb border_color_all=\u00bbRGBA(255,255,255,0)\u00bb border_width_bottom=\u00bb2px\u00bb global_colors_info=\u00bb{}\u00bb]<\/p>\n<p style=\"text-align: justify;\"><strong>Moldeo por soplado<\/strong>: Se fabrica un tubo por extrusi\u00f3n. El tubo caliente se encierra dentro de un molde y un chorro de aire comprimido es forzado contra las paredes del molde. Al igual que el moldeo por inyecci\u00f3n-soplado, este proceso se utiliza para fabricar botellas, frascos, recipientes diversos y dep\u00f3sitos. Identificaci\u00f3n: l\u00ednea de soldadura en el fondo del recipiente.   <\/p>\n<p>[\/et_pb_text][\/et_pb_column][et_pb_column type=\u00bb1_2&#8243; _builder_version=\u00bb4.20.2&#8243; _module_preset=\u00bbdefault\u00bb global_colors_info=\u00bb{}\u00bb][et_pb_text _builder_version=\u00bb4.21.0&#8243; _module_preset=\u00bbdefault\u00bb text_font=\u00bb||||||||\u00bb text_text_color=\u00bb#5C5B5F\u00bb header_font=\u00bb||||||||\u00bb header_text_color=\u00bb#5C5B5F\u00bb header_2_text_color=\u00bb#5C5B5F\u00bb header_3_text_color=\u00bb#5C5B5F\u00bb header_6_font=\u00bbLibre Franklin|600|||||||\u00bb header_6_text_color=\u00bb#5C5B5F\u00bb header_6_font_size=\u00bb18px\u00bb header_6_line_height=\u00bb1.8em\u00bb custom_margin=\u00bb|||\u00bb border_color_all=\u00bbRGBA(255,255,255,0)\u00bb border_width_bottom=\u00bb2px\u00bb global_colors_info=\u00bb{}\u00bb]<\/p>\n<div class=\"et_pb_text_inner\">\n<div data-shortcode-id=\"4.0.0.1-1684813674758\" data-quickaccess-editable=\"yes\" class=\"et-fb-popover-tinymce\">\n<div class=\"mce-content-body\" contenteditable=\"true\" style=\"position: relative;\">\n<p style=\"text-align: justify;\"><strong>Termoformado<\/strong>: Este proceso consiste en calentar una l\u00e1mina de pl\u00e1stico para ablandarla. A continuaci\u00f3n, la l\u00e1mina caliente se aplica al molde. Se elimina el aire entre el molde y la l\u00e1mina. Se utiliza para hacer el interior de cajones para utensilios, nuestras hojas de palma, etc. Identificaci\u00f3n: pieza m\u00e1s bien fina con esquinas redondeadas y menos acabado. Puedes ver el recorte alrededor del borde de la pieza.     <\/p>\n<\/div>\n<\/div>\n<\/div>\n<p>[\/et_pb_text][\/et_pb_column][\/et_pb_row][\/et_pb_section]<\/p>\n","protected":false},"excerpt":{"rendered":"<p>LE GROUPE VIF INC. Especialistas en la fabricaci\u00f3n de moldes y el moldeo de piezas de pl\u00e1stico, VIF Group Inc. ofrece soluciones llave en mano para tus proyectos empresariales, desde el dise\u00f1o hasta el complejo montaje de tus productos. Nuestros avanzados procesos de moldeo por inyecci\u00f3n y la experiencia de nuestros empleados nos convierten en [&hellip;]<\/p>\n","protected":false},"author":1,"featured_media":0,"parent":0,"menu_order":0,"comment_status":"closed","ping_status":"closed","template":"","meta":{"_acf_changed":false,"_et_pb_use_builder":"on","_et_pb_old_content":"","_et_gb_content_width":"","footnotes":""},"class_list":["post-900","page","type-page","status-publish","hentry"],"acf":[],"_links":{"self":[{"href":"https:\/\/www.vifplastics.com\/es\/wp-json\/wp\/v2\/pages\/900","targetHints":{"allow":["GET"]}}],"collection":[{"href":"https:\/\/www.vifplastics.com\/es\/wp-json\/wp\/v2\/pages"}],"about":[{"href":"https:\/\/www.vifplastics.com\/es\/wp-json\/wp\/v2\/types\/page"}],"author":[{"embeddable":true,"href":"https:\/\/www.vifplastics.com\/es\/wp-json\/wp\/v2\/users\/1"}],"replies":[{"embeddable":true,"href":"https:\/\/www.vifplastics.com\/es\/wp-json\/wp\/v2\/comments?post=900"}],"version-history":[{"count":1,"href":"https:\/\/www.vifplastics.com\/es\/wp-json\/wp\/v2\/pages\/900\/revisions"}],"predecessor-version":[{"id":906,"href":"https:\/\/www.vifplastics.com\/es\/wp-json\/wp\/v2\/pages\/900\/revisions\/906"}],"wp:attachment":[{"href":"https:\/\/www.vifplastics.com\/es\/wp-json\/wp\/v2\/media?parent=900"}],"curies":[{"name":"wp","href":"https:\/\/api.w.org\/{rel}","templated":true}]}}