{"id":843,"date":"2023-05-23T07:22:07","date_gmt":"2023-05-23T05:22:07","guid":{"rendered":"https:\/\/www.vifplastics.com\/publica-una-oferta-de-empleo\/"},"modified":"2025-02-19T18:28:36","modified_gmt":"2025-02-19T17:28:36","slug":"publica-una-oferta-de-empleo","status":"publish","type":"page","link":"https:\/\/www.vifplastics.com\/es\/publica-una-oferta-de-empleo\/","title":{"rendered":"Publica una oferta de empleo"},"content":{"rendered":"\n<h2 class=\"wp-block-heading\"><strong>T\u00e9cnico de diagn\u00f3stico\/reparaci\u00f3n de productos para piscinas<\/strong><\/h2>\n\n<p><strong>Descripci\u00f3n del puesto<\/strong><\/p>\n\n<p>Como t\u00e9cnico de diagn\u00f3stico\/reparaci\u00f3n de productos de piscina, bajo las \u00f3rdenes del Responsable de Calidad, el titular diagnosticar\u00e1, reparar\u00e1 y\/o sustituir\u00e1 productos y recopilar\u00e1 datos sobre el terreno.<\/p>\n\n<p><strong>Responsabilidades<\/strong><\/p>\n\n<ul class=\"wp-block-list\">\n<li>Visitar a clientes o usuarios finales<\/li>\n\n\n\n<li>Diagnosticar, reparar y\/o sustituir productos defectuosos<\/li>\n\n\n\n<li>Tomar medidas utilizando determinadas herramientas y\/o equipos<\/li>\n\n\n\n<li>Documentar las comunicaciones, resultados y\/u observaciones en el sistema, especialmente en CRM<\/li>\n\n\n\n<li>Recuperar muestras o productos<\/li>\n\n\n\n<li>Completar las reclamaciones (RMA) al sistema<\/li>\n\n\n\n<li>Responder a llamadas telef\u00f3nicas o correos electr\u00f3nicos de clientes internos y externos<\/li>\n\n\n\n<li>Garantizar un excelente servicio al cliente<\/li>\n<\/ul>\n\n<p><strong>Requisitos<\/strong><\/p>\n\n<ul class=\"wp-block-list\">\n<li>Debe tener un permiso de conducir v\u00e1lido<\/li>\n\n\n\n<li>Biling\u00fcismo escrito y hablado ingl\u00e9s-franc\u00e9s<\/li>\n\n\n\n<li>Buenas habilidades t\u00e9cnicas y manuales<\/li>\n\n\n\n<li>Buena capacidad para trabajar con un sistema inform\u00e1tico (ERP) y el paquete Office<\/li>\n\n\n\n<li>Profesionalidad, ingenio y autonom\u00eda.<\/li>\n<\/ul>\n\n<p>Lo que ofrecemos:<\/p>\n\n<ul class=\"wp-block-list\">\n<li>Seguro de vida, salud, salario y EAP<\/li>\n\n\n\n<li>Fondos de pensiones (RRSP)<\/li>\n\n\n\n<li>Participaci\u00f3n en los beneficios de la empresa<\/li>\n\n\n\n<li>Horarios flexibles, trabajo itinerante y teletrabajo h\u00edbrido<\/li>\n\n\n\n<li>Actividades para los empleados (Pic nic, regalos de Navidad, reconocimiento, etc.).<\/li>\n<\/ul>\n","protected":false},"excerpt":{"rendered":"<p>T\u00e9cnico de diagn\u00f3stico\/reparaci\u00f3n de productos para piscinas Descripci\u00f3n del puesto Como t\u00e9cnico de diagn\u00f3stico\/reparaci\u00f3n de productos de piscina, bajo las \u00f3rdenes del Responsable de Calidad, el titular diagnosticar\u00e1, reparar\u00e1 y\/o sustituir\u00e1 productos y recopilar\u00e1 datos sobre el terreno. Responsabilidades Requisitos Lo que ofrecemos:<\/p>\n","protected":false},"author":5,"featured_media":0,"parent":0,"menu_order":0,"comment_status":"closed","ping_status":"closed","template":"","meta":{"_acf_changed":false,"_et_pb_use_builder":"","_et_pb_old_content":"","_et_gb_content_width":"","footnotes":""},"class_list":["post-843","page","type-page","status-publish","hentry"],"acf":[],"_links":{"self":[{"href":"https:\/\/www.vifplastics.com\/es\/wp-json\/wp\/v2\/pages\/843","targetHints":{"allow":["GET"]}}],"collection":[{"href":"https:\/\/www.vifplastics.com\/es\/wp-json\/wp\/v2\/pages"}],"about":[{"href":"https:\/\/www.vifplastics.com\/es\/wp-json\/wp\/v2\/types\/page"}],"author":[{"embeddable":true,"href":"https:\/\/www.vifplastics.com\/es\/wp-json\/wp\/v2\/users\/5"}],"replies":[{"embeddable":true,"href":"https:\/\/www.vifplastics.com\/es\/wp-json\/wp\/v2\/comments?post=843"}],"version-history":[{"count":1,"href":"https:\/\/www.vifplastics.com\/es\/wp-json\/wp\/v2\/pages\/843\/revisions"}],"predecessor-version":[{"id":845,"href":"https:\/\/www.vifplastics.com\/es\/wp-json\/wp\/v2\/pages\/843\/revisions\/845"}],"wp:attachment":[{"href":"https:\/\/www.vifplastics.com\/es\/wp-json\/wp\/v2\/media?parent=843"}],"curies":[{"name":"wp","href":"https:\/\/api.w.org\/{rel}","templated":true}]}}